{"id":3881,"date":"2021-03-14T18:16:33","date_gmt":"2021-03-14T18:16:33","guid":{"rendered":"http:\/\/www.julianmatzat.name\/?page_id=3881"},"modified":"2024-03-20T09:58:50","modified_gmt":"2024-03-20T09:58:50","slug":"impressum","status":"publish","type":"page","link":"https:\/\/www.julianmatzat.at\/?page_id=3881","title":{"rendered":"Impressum"},"content":{"rendered":"<div  class=\"tatsu-WZ8xwYyaU0 tatsu-section  tatsu-bg-overlay   tatsu-clearfix\" data-title=\"\"  data-headerscheme=\"background--dark\"><div class='tatsu-section-pad clearfix' data-padding='{\"d\":\"90px 0px 90px 0px\"}' data-padding-top='90px'><div class=\"tatsu-row-wrap  tatsu-wrap tatsu-row-one-col tatsu-row-has-one-cols tatsu-medium-gutter tatsu-reg-cols  tatsu-clearfix tatsu-2aM59fCxjB\" ><div  class=\"tatsu-row \" ><div  class=\"tatsu-column  tatsu-bg-overlay tatsu-one-col tatsu-column-image-none tatsu-column-effect-none  tatsu-RwHjmuJuZ\"  data-parallax-speed=\"0\" style=\"\"><div class=\"tatsu-column-inner \" ><div class=\"tatsu-column-pad-wrap\"><div class=\"tatsu-column-pad\" ><div  class=\"tatsu-module tatsu-text-block-wrap tatsu-_zyHqvxF1  \"><div class=\"tatsu-text-inner tatsu-align-center  clearfix\" ><style>.tatsu-_zyHqvxF1.tatsu-text-block-wrap .tatsu-text-inner{width: 100%;text-align: left;}<\/style>\n<div class=\"fl-col fl-node-57b70d0f6977a fl-col-small\" data-node=\"57b70d0f6977a\">\n<div class=\"fl-col-content fl-node-content\">\n<div class=\"fl-module fl-module-rich-text fl-node-57b70d0f6a2f3\" data-node=\"57b70d0f6a2f3\" data-animation-delay=\"0.0\">\n<div class=\"fl-module-content fl-node-content\">\n<div class=\"fl-rich-text\">\n<p>VERANTWORTLICH F\u00dcR DEN INHALT DER WEBSITE<\/p>\n<p>Julian Matzat<br \/>Paulanergasse 10\/15<br \/>1040 Wien<\/p>\n<p>\u00a0<\/p>\n<p>\u00a0<\/p>\n<\/div>\n<\/div>\n<\/div>\n<\/div>\n<\/div>\n<div class=\"fl-col fl-node-57b70d0f697b4\" data-node=\"57b70d0f697b4\">\n<div class=\"fl-col-content fl-node-content\">\n<div class=\"fl-module fl-module-rich-text fl-node-57b70f3290ddf fl-animation fl-slide-left fl-animated\" data-node=\"57b70f3290ddf\" data-animation-delay=\"0.0\">\n<h6>1. Inhalt des Onlineangebotes<\/h6>\n<\/div>\n<div class=\"fl-module fl-module-rich-text fl-node-57b7112b22a1f fl-animation fl-slide-left fl-animated\" data-node=\"57b7112b22a1f\" data-animation-delay=\"0.0\">\n<div class=\"fl-module-content fl-node-content\">\n<div class=\"fl-rich-text\">\n<p>julianmatzat.at \u00fcbernimmt keinerlei Gew\u00e4hr f\u00fcr die Aktualit\u00e4t, Korrektheit, Vollst\u00e4ndigkeit oder Qualit\u00e4t der bereitgestellten Informationen. Haftungsanspr\u00fcche gegen julianmatzat.at, die sich auf Sch\u00e4den materieller oder ideeller Art beziehen, welche durch die Nutzung oder Nichtnutzung der dargebotenen Informationen bzw. durch die Nutzung fehlerhafter und unvollst\u00e4ndiger Informationen verursacht wurden sind grunds\u00e4tzlich ausgeschlossen, sofern seitens julianmatzat.at kein nachweislich vors\u00e4tzliches oder grob fahrl\u00e4ssiges Verschulden vorliegt. Alle Angebote sind freibleibend und unverbindlich. julianmatzat.at beh\u00e4lt es sich ausdr\u00fccklich vor, Teile der Seiten oder das gesamte Angebot ohne gesonderte Ank\u00fcndigung zu ver\u00e4ndern, zu erg\u00e4nzen, zu l\u00f6schen oder die Ver\u00f6ffentlichung zeitweise oder endg\u00fcltig einzustellen.<\/p>\n<h6>2. Verweise und Links<\/h6>\n<p>Bei direkten oder indirekten Verweisen auf fremde Internetseiten (\u201eLinks\u201c), die ausserhalb des Verantwortungsbereiches von julianmatzat.at liegen, kann eine Haftungsverpflichtung ausschlie\u00dflich in dem Fall in Kraft treten, in dem julianmatzat.at von den Inhalten der verlinkten Seite Kenntnis hat und es technisch m\u00f6glich und zumutbar w\u00e4re, die Nutzung im Falle rechtswidriger Inhalte zu verhindern. julianmatzat.at erkl\u00e4rt daher ausdr\u00fccklich, dass zum Zeitpunkt der Linksetzung die entsprechenden verlinkten Seiten frei von illegalen Inhalten waren. julianmatzat.at hat keinerlei Einfluss auf die aktuelle und zuk\u00fcnftige Gestaltung und auf die Inhalte der gelinkten\/verkn\u00fcpften Seiten. Deshalb distanziert sich julianmatzat.at hiermit ausdr\u00fccklich von allen Inhalten aller gelinkten\/verkn\u00fcpften Seiten, die nach der Linksetzung ver\u00e4ndert wurden.<\/p>\n<h6>3. Rechtswirksamkeit dieses Haftungsausschlusses<\/h6>\n<p>Sofern Teile oder einzelne Formulierungen dieses Textes der geltenden Rechtslage nicht, nicht mehr oder nicht vollst\u00e4ndig entsprechen sollten, bleiben die \u00fcbrigen Teile des Dokumentes in ihrem Inhalt und ihrer G\u00fcltigkeit davon unber\u00fchrt.<\/p>\n<\/div>\n<\/div>\n<\/div>\n<\/div>\n<\/div>\n<\/div><\/div><\/div><\/div><div class = \"tatsu-column-bg-image-wrap\"><div class = \"tatsu-column-bg-image\" ><\/div><\/div><div class=\"tatsu-overlay tatsu-column-overlay tatsu-animate-none\" ><\/div><\/div><style>.tatsu-row > .tatsu-RwHjmuJuZ.tatsu-column{width: 100%;}.tatsu-RwHjmuJuZ.tatsu-column > .tatsu-column-inner > .tatsu-column-overlay{mix-blend-mode: normal;}.tatsu-RwHjmuJuZ > .tatsu-column-inner > .tatsu-top-divider{z-index: 9999;}.tatsu-RwHjmuJuZ > .tatsu-column-inner > .tatsu-bottom-divider{z-index: 9999;}.tatsu-RwHjmuJuZ > .tatsu-column-inner > .tatsu-left-divider{z-index: 9999;}.tatsu-RwHjmuJuZ > .tatsu-column-inner > .tatsu-right-divider{z-index: 9999;}@media only screen and (max-width:1377px) {.tatsu-row > .tatsu-RwHjmuJuZ.tatsu-column{width: 100%;}}@media only screen and (min-width:768px) and (max-width: 1024px) {.tatsu-row > .tatsu-RwHjmuJuZ.tatsu-column{width: 100%;}}@media only screen and (max-width: 767px) {.tatsu-row > .tatsu-RwHjmuJuZ.tatsu-column{width: 100%;}}<\/style><\/div><\/div><\/div><\/div><div class=\"tatsu-section-background-wrap\"><div class = \"tatsu-section-background\" ><\/div><\/div><div class=\"tatsu-overlay tatsu-section-overlay\"><\/div><style>.tatsu-WZ8xwYyaU0 .tatsu-section-pad{padding: 90px 0px 90px 0px;}.tatsu-WZ8xwYyaU0 .tatsu-section-offset-wrap{transform: translateY(-0px);}.tatsu-WZ8xwYyaU0 > .tatsu-bottom-divider{z-index: 9999;}.tatsu-WZ8xwYyaU0 > .tatsu-top-divider{z-index: 9999;}.tatsu-WZ8xwYyaU0 .tatsu-section-overlay{mix-blend-mode: normal;}<\/style><\/div>\n","protected":false},"excerpt":{"rendered":"<p><a href=\"https:\/\/www.julianmatzat.at\/?page_id=3881\" class=\"more-link style1-button\">Read More<\/a><\/p>","protected":false},"author":1,"featured_media":0,"parent":0,"menu_order":0,"comment_status":"closed","ping_status":"closed","template":"","meta":{"footnotes":""},"class_list":["post-3881","page","type-page","status-publish","hentry"],"_links":{"self":[{"href":"https:\/\/www.julianmatzat.at\/index.php?rest_route=\/wp\/v2\/pages\/3881","targetHints":{"allow":["GET"]}}],"collection":[{"href":"https:\/\/www.julianmatzat.at\/index.php?rest_route=\/wp\/v2\/pages"}],"about":[{"href":"https:\/\/www.julianmatzat.at\/index.php?rest_route=\/wp\/v2\/types\/page"}],"author":[{"embeddable":true,"href":"https:\/\/www.julianmatzat.at\/index.php?rest_route=\/wp\/v2\/users\/1"}],"replies":[{"embeddable":true,"href":"https:\/\/www.julianmatzat.at\/index.php?rest_route=%2Fwp%2Fv2%2Fcomments&post=3881"}],"version-history":[{"count":5,"href":"https:\/\/www.julianmatzat.at\/index.php?rest_route=\/wp\/v2\/pages\/3881\/revisions"}],"predecessor-version":[{"id":4041,"href":"https:\/\/www.julianmatzat.at\/index.php?rest_route=\/wp\/v2\/pages\/3881\/revisions\/4041"}],"wp:attachment":[{"href":"https:\/\/www.julianmatzat.at\/index.php?rest_route=%2Fwp%2Fv2%2Fmedia&parent=3881"}],"curies":[{"name":"wp","href":"https:\/\/api.w.org\/{rel}","templated":true}]}}